{"id":30315,"date":"2022-02-11T15:14:18","date_gmt":"2022-02-11T14:14:18","guid":{"rendered":"https:\/\/dev.studiocalea.ch\/?page_id=30315"},"modified":"2025-01-15T08:14:17","modified_gmt":"2025-01-15T07:14:17","slug":"carnotzet","status":"publish","type":"page","link":"https:\/\/www.mayen.ch\/en\/carnotzet\/","title":{"rendered":"Carnotzet"},"content":{"rendered":"\t\t<div data-elementor-type=\"wp-page\" data-elementor-id=\"30315\" class=\"elementor elementor-30315\" data-elementor-post-type=\"page\">\n\t\t\t\t\t\t<section class=\"elementor-section elementor-top-section elementor-element elementor-element-a5c7480 elementor-section-boxed elementor-section-height-default elementor-section-height-default\" data-id=\"a5c7480\" data-element_type=\"section\" data-e-type=\"section\">\n\t\t\t\t\t\t<div class=\"elementor-container elementor-column-gap-no\">\n\t\t\t\t\t<div class=\"elementor-column elementor-col-100 elementor-top-column elementor-element elementor-element-6f02ba6\" data-id=\"6f02ba6\" data-element_type=\"column\" data-e-type=\"column\">\n\t\t\t<div class=\"elementor-widget-wrap elementor-element-populated\">\n\t\t\t\t\t\t<div class=\"elementor-element elementor-element-65583a6 elementor-widget elementor-widget-heading\" data-id=\"65583a6\" data-element_type=\"widget\" data-e-type=\"widget\" data-widget_type=\"heading.default\">\n\t\t\t\t<div class=\"elementor-widget-container\">\n\t\t\t\t\t<h1 class=\"elementor-heading-title elementor-size-default\">Carnotzet du Mayen<\/h1>\t\t\t\t<\/div>\n\t\t\t\t<\/div>\n\t\t\t\t<div class=\"elementor-element elementor-element-54fb64b elementor-widget elementor-widget-text-editor\" data-id=\"54fb64b\" data-element_type=\"widget\" data-e-type=\"widget\" data-widget_type=\"text-editor.default\">\n\t\t\t\t<div class=\"elementor-widget-container\">\n\t\t\t\t\t\t\t\t\t<p>Remplissez ce formulaire et recevez une offre pour votre prochain \u00e9v\u00e8nement au Carnotzet.<\/p>\t\t\t\t\t\t\t\t<\/div>\n\t\t\t\t<\/div>\n\t\t\t\t<div class=\"elementor-element elementor-element-cb5fa7f elementor-button-align-end elementor-widget-tablet__width-inherit elementor-mobile-button-align-end elementor-widget elementor-widget-form\" data-id=\"cb5fa7f\" data-element_type=\"widget\" data-e-type=\"widget\" data-settings=\"{&quot;step_next_label&quot;:&quot;Next&quot;,&quot;step_previous_label&quot;:&quot;Previous&quot;,&quot;button_width&quot;:&quot;100&quot;,&quot;step_type&quot;:&quot;number_text&quot;,&quot;step_icon_shape&quot;:&quot;circle&quot;}\" data-widget_type=\"form.default\">\n\t\t\t\t<div class=\"elementor-widget-container\">\n\t\t\t\t\t\t\t<form class=\"elementor-form\" method=\"post\" name=\"R\u00e9servation du Carnotzet\" aria-label=\"R\u00e9servation du Carnotzet\">\n\t\t\t<input type=\"hidden\" name=\"post_id\" value=\"30315\"\/>\n\t\t\t<input type=\"hidden\" name=\"form_id\" value=\"cb5fa7f\"\/>\n\t\t\t<input type=\"hidden\" name=\"referer_title\" value=\"Carnotzet | Le Mayen\" \/>\n\n\t\t\t\t\t\t\t<input type=\"hidden\" name=\"queried_id\" value=\"30315\"\/>\n\t\t\t\n\t\t\t<div class=\"elementor-form-fields-wrapper elementor-labels-above\">\n\t\t\t\t\t\t\t\t<div class=\"elementor-field-type-text elementor-field-group elementor-column elementor-field-group-field_dee81dc elementor-col-50 elementor-field-required elementor-mark-required\">\n\t\t\t\t\t\t\t\t\t\t\t\t<label for=\"form-field-field_dee81dc\" class=\"elementor-field-label\">\n\t\t\t\t\t\t\t\tNom\t\t\t\t\t\t\t<\/label>\n\t\t\t\t\t\t\t\t\t\t\t\t\t\t<input size=\"1\" type=\"text\" name=\"form_fields[field_dee81dc]\" id=\"form-field-field_dee81dc\" class=\"elementor-field elementor-size-lg  elementor-field-textual\" placeholder=\"Votre nom\" required=\"required\">\n\t\t\t\t\t\t\t\t\t\t\t<\/div>\n\t\t\t\t\t\t\t\t<div class=\"elementor-field-type-text elementor-field-group elementor-column elementor-field-group-field_b3453e5 elementor-col-50 elementor-field-required elementor-mark-required\">\n\t\t\t\t\t\t\t\t\t\t\t\t<label for=\"form-field-field_b3453e5\" class=\"elementor-field-label\">\n\t\t\t\t\t\t\t\tPr\u00e9nom\t\t\t\t\t\t\t<\/label>\n\t\t\t\t\t\t\t\t\t\t\t\t\t\t<input size=\"1\" type=\"text\" name=\"form_fields[field_b3453e5]\" id=\"form-field-field_b3453e5\" class=\"elementor-field elementor-size-lg  elementor-field-textual\" placeholder=\"Votre pr\u00e9nom\" required=\"required\">\n\t\t\t\t\t\t\t\t\t\t\t<\/div>\n\t\t\t\t\t\t\t\t<div class=\"elementor-field-type-email elementor-field-group elementor-column elementor-field-group-email elementor-col-50 elementor-field-required elementor-mark-required\">\n\t\t\t\t\t\t\t\t\t\t\t\t<label for=\"form-field-email\" class=\"elementor-field-label\">\n\t\t\t\t\t\t\t\tEmail\t\t\t\t\t\t\t<\/label>\n\t\t\t\t\t\t\t\t\t\t\t\t\t\t<input size=\"1\" type=\"email\" name=\"form_fields[email]\" id=\"form-field-email\" class=\"elementor-field elementor-size-lg  elementor-field-textual\" placeholder=\"Ex: &#x69;&#110;&#102;o&#x40;&#x68;&#111;t&#x65;&#x6c;&#111;ly&#x6d;&#112;&#105;c&#x2e;&#x63;&#104;\" required=\"required\">\n\t\t\t\t\t\t\t\t\t\t\t<\/div>\n\t\t\t\t\t\t\t\t<div class=\"elementor-field-type-tel elementor-field-group elementor-column elementor-field-group-field_f453b4e elementor-col-50\">\n\t\t\t\t\t\t\t\t\t\t\t\t<label for=\"form-field-field_f453b4e\" class=\"elementor-field-label\">\n\t\t\t\t\t\t\t\tT\u00e9l\u00e9phone\t\t\t\t\t\t\t<\/label>\n\t\t\t\t\t\t\t\t<input size=\"1\" type=\"tel\" name=\"form_fields[field_f453b4e]\" id=\"form-field-field_f453b4e\" class=\"elementor-field elementor-size-lg  elementor-field-textual\" placeholder=\"Ex: +41 27 481 29 85\" pattern=\"[0-9()#&amp;+*-=.]+\" title=\"Seuls les caract\u00e8res de num\u00e9ros de t\u00e9l\u00e9phone (#, -, *, etc.) sont accept\u00e9s.\">\n\n\t\t\t\t\t\t<\/div>\n\t\t\t\t\t\t\t\t<div class=\"elementor-field-type-date elementor-field-group elementor-column elementor-field-group-field_bade2a3 elementor-col-25 elementor-md-50 elementor-sm-66 elementor-field-required elementor-mark-required\">\n\t\t\t\t\t\t\t\t\t\t\t\t<label for=\"form-field-field_bade2a3\" class=\"elementor-field-label\">\n\t\t\t\t\t\t\t\tDate\t\t\t\t\t\t\t<\/label>\n\t\t\t\t\t\t\n\t\t<input type=\"date\" name=\"form_fields[field_bade2a3]\" id=\"form-field-field_bade2a3\" class=\"elementor-field elementor-size-lg  elementor-field-textual elementor-date-field elementor-use-native\" placeholder=\"Date\" required=\"required\" pattern=\"[0-9]{4}-[0-9]{2}-[0-9]{2}\">\n\t\t\t\t\t\t<\/div>\n\t\t\t\t\t\t\t\t<div class=\"elementor-field-type-time elementor-field-group elementor-column elementor-field-group-field_e35b54c elementor-col-25 elementor-md-50 elementor-sm-66 elementor-field-required elementor-mark-required\">\n\t\t\t\t\t\t\t\t\t\t\t\t<label for=\"form-field-field_e35b54c\" class=\"elementor-field-label\">\n\t\t\t\t\t\t\t\tHoraire\t\t\t\t\t\t\t<\/label>\n\t\t\t\t\t\t\t\t<input type=\"time\" name=\"form_fields[field_e35b54c]\" id=\"form-field-field_e35b54c\" class=\"elementor-field elementor-size-lg  elementor-field-textual elementor-time-field elementor-use-native\" placeholder=\"Horaire\" required=\"required\">\n\t\t\t\t\t\t<\/div>\n\t\t\t\t\t\t\t\t<div class=\"elementor-field-type-number elementor-field-group elementor-column elementor-field-group-field_aa29c8e elementor-col-50 elementor-md-100 elementor-field-required elementor-mark-required\">\n\t\t\t\t\t\t\t\t\t\t\t\t<label for=\"form-field-field_aa29c8e\" class=\"elementor-field-label\">\n\t\t\t\t\t\t\t\tNombre de personnes\t\t\t\t\t\t\t<\/label>\n\t\t\t\t\t\t\t\t\t<input type=\"number\" name=\"form_fields[field_aa29c8e]\" id=\"form-field-field_aa29c8e\" class=\"elementor-field elementor-size-lg  elementor-field-textual\" placeholder=\"16 maximum\" required=\"required\" min=\"1\" max=\"16\" >\n\t\t\t\t\t\t<\/div>\n\t\t\t\t\t\t\t\t<div class=\"elementor-field-type-textarea elementor-field-group elementor-column elementor-field-group-field_625d7c5 elementor-col-100\">\n\t\t\t\t\t\t\t\t\t\t\t\t<label for=\"form-field-field_625d7c5\" class=\"elementor-field-label\">\n\t\t\t\t\t\t\t\tDescription\t\t\t\t\t\t\t<\/label>\n\t\t\t\t\t\t<textarea class=\"elementor-field-textual elementor-field  elementor-size-lg\" name=\"form_fields[field_625d7c5]\" id=\"form-field-field_625d7c5\" rows=\"6\" placeholder=\"D\u00e9crivez votre \u00e9v\u00e8nement\u2026\"><\/textarea>\t\t\t\t<\/div>\n\t\t\t\t\t\t\t\t<div class=\"elementor-field-type-text\">\n\t\t\t\t\t<input size=\"1\" type=\"text\" name=\"form_fields[field_ae9185c]\" id=\"form-field-field_ae9185c\" class=\"elementor-field elementor-size-lg \" style=\"display:none !important;\">\t\t\t\t<\/div>\n\t\t\t\t\t\t\t\t<div class=\"elementor-field-group elementor-column elementor-field-type-submit elementor-col-100 e-form__buttons\">\n\t\t\t\t\t<button class=\"elementor-button elementor-size-sm\" type=\"submit\">\n\t\t\t\t\t\t<span class=\"elementor-button-content-wrapper\">\n\t\t\t\t\t\t\t\t\t\t\t\t\t\t\t\t\t\t\t\t\t\t<span class=\"elementor-button-text\">Envoyer<\/span>\n\t\t\t\t\t\t\t\t\t\t\t\t\t<\/span>\n\t\t\t\t\t<\/button>\n\t\t\t\t<\/div>\n\t\t\t<\/div>\n\t\t<\/form>\n\t\t\t\t\t\t<\/div>\n\t\t\t\t<\/div>\n\t\t\t\t\t<\/div>\n\t\t<\/div>\n\t\t\t\t\t<\/div>\n\t\t<\/section>\n\t\t\t\t<\/div>\n\t\t","protected":false},"excerpt":{"rendered":"<p>Carnotzet du Mayen Remplissez ce formulaire et recevez une offre pour votre prochain \u00e9v\u00e8nement au Carnotzet.<\/p>","protected":false},"author":3,"featured_media":30262,"parent":0,"menu_order":0,"comment_status":"closed","ping_status":"closed","template":"","meta":{"_acf_changed":false,"footnotes":""},"class_list":["post-30315","page","type-page","status-publish","has-post-thumbnail","hentry"],"acf":[],"yoast_head":"<!-- This site is optimized with the Yoast SEO plugin v27.4 - https:\/\/yoast.com\/product\/yoast-seo-wordpress\/ -->\n<title>Carnotzet | Le Mayen<\/title>\n<meta name=\"description\" content=\"Le Carnotzet du Restaurant Le Mayen est l&#039;endroit id\u00e9al pour un repas en famille, entre amis ou dans un cadre professionnel.\" \/>\n<meta name=\"robots\" content=\"index, follow, max-snippet:-1, max-image-preview:large, max-video-preview:-1\" \/>\n<link rel=\"canonical\" href=\"https:\/\/www.mayen.ch\/en\/carnotzet\/\" \/>\n<meta property=\"og:locale\" content=\"en_GB\" \/>\n<meta property=\"og:type\" content=\"article\" \/>\n<meta property=\"og:title\" content=\"Carnotzet | Le Mayen\" \/>\n<meta property=\"og:description\" content=\"Le Carnotzet du Restaurant Le Mayen est l&#039;endroit id\u00e9al pour un repas en famille, entre amis ou dans un cadre professionnel.\" \/>\n<meta property=\"og:url\" content=\"https:\/\/www.mayen.ch\/en\/carnotzet\/\" \/>\n<meta property=\"og:site_name\" content=\"Le Mayen\" \/>\n<meta property=\"article:publisher\" content=\"https:\/\/www.facebook.com\/lemayenrestaurant\" \/>\n<meta property=\"article:modified_time\" content=\"2025-01-15T07:14:17+00:00\" \/>\n<meta property=\"og:image\" content=\"https:\/\/www.mayen.ch\/wp-content\/uploads\/2022\/02\/LE-MAYEN-CARNOTZET-1.jpg\" \/>\n\t<meta property=\"og:image:width\" content=\"1500\" \/>\n\t<meta property=\"og:image:height\" content=\"1125\" \/>\n\t<meta property=\"og:image:type\" content=\"image\/jpeg\" \/>\n<meta name=\"twitter:card\" content=\"summary_large_image\" \/>\n<meta name=\"twitter:label1\" content=\"Estimated reading time\" \/>\n\t<meta name=\"twitter:data1\" content=\"1 minute\" \/>\n<script type=\"application\/ld+json\" class=\"yoast-schema-graph\">{\"@context\":\"https:\\\/\\\/schema.org\",\"@graph\":[{\"@type\":\"WebPage\",\"@id\":\"https:\\\/\\\/www.mayen.ch\\\/carnotzet\\\/\",\"url\":\"https:\\\/\\\/www.mayen.ch\\\/carnotzet\\\/\",\"name\":\"Carnotzet | Le Mayen\",\"isPartOf\":{\"@id\":\"https:\\\/\\\/www.mayen.ch\\\/#website\"},\"primaryImageOfPage\":{\"@id\":\"https:\\\/\\\/www.mayen.ch\\\/carnotzet\\\/#primaryimage\"},\"image\":{\"@id\":\"https:\\\/\\\/www.mayen.ch\\\/carnotzet\\\/#primaryimage\"},\"thumbnailUrl\":\"https:\\\/\\\/www.mayen.ch\\\/wp-content\\\/uploads\\\/2022\\\/02\\\/LE-MAYEN-CARNOTZET-1.jpg\",\"datePublished\":\"2022-02-11T14:14:18+00:00\",\"dateModified\":\"2025-01-15T07:14:17+00:00\",\"description\":\"Le Carnotzet du Restaurant Le Mayen est l'endroit id\u00e9al pour un repas en famille, entre amis ou dans un cadre professionnel.\",\"breadcrumb\":{\"@id\":\"https:\\\/\\\/www.mayen.ch\\\/carnotzet\\\/#breadcrumb\"},\"inLanguage\":\"en-GB\",\"potentialAction\":[{\"@type\":\"ReadAction\",\"target\":[\"https:\\\/\\\/www.mayen.ch\\\/carnotzet\\\/\"]}]},{\"@type\":\"ImageObject\",\"inLanguage\":\"en-GB\",\"@id\":\"https:\\\/\\\/www.mayen.ch\\\/carnotzet\\\/#primaryimage\",\"url\":\"https:\\\/\\\/www.mayen.ch\\\/wp-content\\\/uploads\\\/2022\\\/02\\\/LE-MAYEN-CARNOTZET-1.jpg\",\"contentUrl\":\"https:\\\/\\\/www.mayen.ch\\\/wp-content\\\/uploads\\\/2022\\\/02\\\/LE-MAYEN-CARNOTZET-1.jpg\",\"width\":1500,\"height\":1125},{\"@type\":\"BreadcrumbList\",\"@id\":\"https:\\\/\\\/www.mayen.ch\\\/carnotzet\\\/#breadcrumb\",\"itemListElement\":[{\"@type\":\"ListItem\",\"position\":1,\"name\":\"Accueil\",\"item\":\"https:\\\/\\\/www.mayen.ch\\\/\"},{\"@type\":\"ListItem\",\"position\":2,\"name\":\"Carnotzet\"}]},{\"@type\":\"WebSite\",\"@id\":\"https:\\\/\\\/www.mayen.ch\\\/#website\",\"url\":\"https:\\\/\\\/www.mayen.ch\\\/\",\"name\":\"Le Mayen\",\"description\":\"Restaurant Valaisan \u00e0 Crans-Montana\",\"publisher\":{\"@id\":\"https:\\\/\\\/www.mayen.ch\\\/#organization\"},\"potentialAction\":[{\"@type\":\"SearchAction\",\"target\":{\"@type\":\"EntryPoint\",\"urlTemplate\":\"https:\\\/\\\/www.mayen.ch\\\/?s={search_term_string}\"},\"query-input\":{\"@type\":\"PropertyValueSpecification\",\"valueRequired\":true,\"valueName\":\"search_term_string\"}}],\"inLanguage\":\"en-GB\"},{\"@type\":\"Organization\",\"@id\":\"https:\\\/\\\/www.mayen.ch\\\/#organization\",\"name\":\"Le Mayen Restaurant\",\"url\":\"https:\\\/\\\/www.mayen.ch\\\/\",\"logo\":{\"@type\":\"ImageObject\",\"inLanguage\":\"en-GB\",\"@id\":\"https:\\\/\\\/www.mayen.ch\\\/#\\\/schema\\\/logo\\\/image\\\/\",\"url\":\"https:\\\/\\\/www.mayen.ch\\\/wp-content\\\/uploads\\\/2022\\\/02\\\/LEMAYEN-LOGO-FULL.png\",\"contentUrl\":\"https:\\\/\\\/www.mayen.ch\\\/wp-content\\\/uploads\\\/2022\\\/02\\\/LEMAYEN-LOGO-FULL.png\",\"width\":1080,\"height\":1080,\"caption\":\"Le Mayen Restaurant\"},\"image\":{\"@id\":\"https:\\\/\\\/www.mayen.ch\\\/#\\\/schema\\\/logo\\\/image\\\/\"},\"sameAs\":[\"https:\\\/\\\/www.facebook.com\\\/lemayenrestaurant\",\"https:\\\/\\\/www.instagram.com\\\/lemayen.restaurant.68\\\/\"]}]}<\/script>\n<!-- \/ Yoast SEO plugin. -->","yoast_head_json":{"title":"Carnotzet | Le Mayen","description":"Le Carnotzet du Restaurant Le Mayen est l'endroit id\u00e9al pour un repas en famille, entre amis ou dans un cadre professionnel.","robots":{"index":"index","follow":"follow","max-snippet":"max-snippet:-1","max-image-preview":"max-image-preview:large","max-video-preview":"max-video-preview:-1"},"canonical":"https:\/\/www.mayen.ch\/en\/carnotzet\/","og_locale":"en_GB","og_type":"article","og_title":"Carnotzet | Le Mayen","og_description":"Le Carnotzet du Restaurant Le Mayen est l'endroit id\u00e9al pour un repas en famille, entre amis ou dans un cadre professionnel.","og_url":"https:\/\/www.mayen.ch\/en\/carnotzet\/","og_site_name":"Le Mayen","article_publisher":"https:\/\/www.facebook.com\/lemayenrestaurant","article_modified_time":"2025-01-15T07:14:17+00:00","og_image":[{"width":1500,"height":1125,"url":"https:\/\/www.mayen.ch\/wp-content\/uploads\/2022\/02\/LE-MAYEN-CARNOTZET-1.jpg","type":"image\/jpeg"}],"twitter_card":"summary_large_image","twitter_misc":{"Estimated reading time":"1 minute"},"schema":{"@context":"https:\/\/schema.org","@graph":[{"@type":"WebPage","@id":"https:\/\/www.mayen.ch\/carnotzet\/","url":"https:\/\/www.mayen.ch\/carnotzet\/","name":"Carnotzet | Le Mayen","isPartOf":{"@id":"https:\/\/www.mayen.ch\/#website"},"primaryImageOfPage":{"@id":"https:\/\/www.mayen.ch\/carnotzet\/#primaryimage"},"image":{"@id":"https:\/\/www.mayen.ch\/carnotzet\/#primaryimage"},"thumbnailUrl":"https:\/\/www.mayen.ch\/wp-content\/uploads\/2022\/02\/LE-MAYEN-CARNOTZET-1.jpg","datePublished":"2022-02-11T14:14:18+00:00","dateModified":"2025-01-15T07:14:17+00:00","description":"Le Carnotzet du Restaurant Le Mayen est l'endroit id\u00e9al pour un repas en famille, entre amis ou dans un cadre professionnel.","breadcrumb":{"@id":"https:\/\/www.mayen.ch\/carnotzet\/#breadcrumb"},"inLanguage":"en-GB","potentialAction":[{"@type":"ReadAction","target":["https:\/\/www.mayen.ch\/carnotzet\/"]}]},{"@type":"ImageObject","inLanguage":"en-GB","@id":"https:\/\/www.mayen.ch\/carnotzet\/#primaryimage","url":"https:\/\/www.mayen.ch\/wp-content\/uploads\/2022\/02\/LE-MAYEN-CARNOTZET-1.jpg","contentUrl":"https:\/\/www.mayen.ch\/wp-content\/uploads\/2022\/02\/LE-MAYEN-CARNOTZET-1.jpg","width":1500,"height":1125},{"@type":"BreadcrumbList","@id":"https:\/\/www.mayen.ch\/carnotzet\/#breadcrumb","itemListElement":[{"@type":"ListItem","position":1,"name":"Accueil","item":"https:\/\/www.mayen.ch\/"},{"@type":"ListItem","position":2,"name":"Carnotzet"}]},{"@type":"WebSite","@id":"https:\/\/www.mayen.ch\/#website","url":"https:\/\/www.mayen.ch\/","name":"Le Mayen","description":"Restaurant Valaisan \u00e0 Crans-Montana","publisher":{"@id":"https:\/\/www.mayen.ch\/#organization"},"potentialAction":[{"@type":"SearchAction","target":{"@type":"EntryPoint","urlTemplate":"https:\/\/www.mayen.ch\/?s={search_term_string}"},"query-input":{"@type":"PropertyValueSpecification","valueRequired":true,"valueName":"search_term_string"}}],"inLanguage":"en-GB"},{"@type":"Organization","@id":"https:\/\/www.mayen.ch\/#organization","name":"Le Mayen Restaurant","url":"https:\/\/www.mayen.ch\/","logo":{"@type":"ImageObject","inLanguage":"en-GB","@id":"https:\/\/www.mayen.ch\/#\/schema\/logo\/image\/","url":"https:\/\/www.mayen.ch\/wp-content\/uploads\/2022\/02\/LEMAYEN-LOGO-FULL.png","contentUrl":"https:\/\/www.mayen.ch\/wp-content\/uploads\/2022\/02\/LEMAYEN-LOGO-FULL.png","width":1080,"height":1080,"caption":"Le Mayen Restaurant"},"image":{"@id":"https:\/\/www.mayen.ch\/#\/schema\/logo\/image\/"},"sameAs":["https:\/\/www.facebook.com\/lemayenrestaurant","https:\/\/www.instagram.com\/lemayen.restaurant.68\/"]}]}},"_links":{"self":[{"href":"https:\/\/www.mayen.ch\/en\/wp-json\/wp\/v2\/pages\/30315","targetHints":{"allow":["GET"]}}],"collection":[{"href":"https:\/\/www.mayen.ch\/en\/wp-json\/wp\/v2\/pages"}],"about":[{"href":"https:\/\/www.mayen.ch\/en\/wp-json\/wp\/v2\/types\/page"}],"author":[{"embeddable":true,"href":"https:\/\/www.mayen.ch\/en\/wp-json\/wp\/v2\/users\/3"}],"replies":[{"embeddable":true,"href":"https:\/\/www.mayen.ch\/en\/wp-json\/wp\/v2\/comments?post=30315"}],"version-history":[{"count":131,"href":"https:\/\/www.mayen.ch\/en\/wp-json\/wp\/v2\/pages\/30315\/revisions"}],"predecessor-version":[{"id":30801,"href":"https:\/\/www.mayen.ch\/en\/wp-json\/wp\/v2\/pages\/30315\/revisions\/30801"}],"wp:featuredmedia":[{"embeddable":true,"href":"https:\/\/www.mayen.ch\/en\/wp-json\/wp\/v2\/media\/30262"}],"wp:attachment":[{"href":"https:\/\/www.mayen.ch\/en\/wp-json\/wp\/v2\/media?parent=30315"}],"curies":[{"name":"wp","href":"https:\/\/api.w.org\/{rel}","templated":true}]}}